{"id":3492,"date":"2021-01-16T14:51:42","date_gmt":"2021-01-16T14:51:42","guid":{"rendered":"https:\/\/www.clementcombes.com\/blog\/?page_id=3492"},"modified":"2021-09-14T14:31:57","modified_gmt":"2021-09-14T14:31:57","slug":"politique-de-protection-des-donnees-personnelles","status":"publish","type":"page","link":"https:\/\/www.clementcombes.com\/blog\/politique-de-protection-des-donnees-personnelles\/","title":{"rendered":"Politique de protection des donn\u00e9es personnelles"},"content":{"rendered":"\n<p>Vous retrouverez sur cette page notre politique de protection des donn\u00e9es personnelles.<\/p>\n\n\n\n<h2 class=\"wp-block-heading\">Engagement <\/h2>\n\n\n\n<p>Mon engagement en mati\u00e8re de vie priv\u00e9e est simple : sur ce blog,&nbsp;vos donn\u00e9es sont en s\u00e9curit\u00e9. Cl\u00e9ment Combes, \u00e9diteur de ce blog, s&rsquo;interdit tout revente, location, ou cession de sa base de donn\u00e9es et de tout autre \u00e9l\u00e9ment concernant nos utilisateurs. <\/p>\n\n\n\n<h2 class=\"wp-block-heading\">Cookies<\/h2>\n\n\n\n<p>Le site <a href=\"https:\/\/www.clementcombes.com\/blog\">https:\/\/www.clementcombes.com\/blog<\/a> peut d\u00e9poser des cookies sur votre ordinateur. Ceux-ci permettent :<\/p>\n\n\n\n<ul class=\"wp-block-list\"><li>d&rsquo;obtenir des statistiques de navigation, qui sont anonymis\u00e9es.<\/li><li>de s\u00e9curiser l&rsquo;envoi de formulaires.<\/li><li>de personnaliser la publicit\u00e9 qui vous est propos\u00e9e sur le blog.<\/li><\/ul>\n\n\n\n<p>Aucun autre cookie tiers n&rsquo;est utilis\u00e9 par le site https:\/\/www.clementcombes.com\/blog. Vous pouvez r\u00e9gler vos pr\u00e9f\u00e9rences \u00e0 tout moment en cliquant sur le lien \u00ab\u00a0Cookies\u00a0\u00bb situ\u00e9 en bas de chaque page du site.<\/p>\n\n\n\n<h2 class=\"wp-block-heading\">Responsable des donn\u00e9es <\/h2>\n\n\n\n<p>Le responsable des donn\u00e9es pour ce site est Cl\u00e9ment Combes, directeur de la publication.<\/p>\n","protected":false},"excerpt":{"rendered":"<p>Vous retrouverez sur cette page notre politique de protection des donn\u00e9es personnelles. Engagement Mon engagement en mati\u00e8re de vie priv\u00e9e est simple : sur ce blog,&nbsp;vos donn\u00e9es sont en s\u00e9curit\u00e9. Cl\u00e9ment Combes, \u00e9diteur de ce blog, s&rsquo;interdit tout revente, location, ou cession de sa base de donn\u00e9es et de tout autre \u00e9l\u00e9ment concernant nos utilisateurs. Cookies Le site https:\/\/www.clementcombes.com\/blog peut d\u00e9poser des cookies sur votre ordinateur. Ceux-ci permettent : d&rsquo;obtenir des statistiques de navigation, qui sont anonymis\u00e9es. de s\u00e9curiser l&rsquo;envoi de formulaires. de personnaliser&hellip;<\/p>\n","protected":false},"author":1,"featured_media":0,"parent":0,"menu_order":0,"comment_status":"closed","ping_status":"closed","template":"","meta":{"footnotes":""},"class_list":["post-3492","page","type-page","status-publish","hentry"],"yoast_head":"<!-- This site is optimized with the Yoast SEO plugin v27.4 - https:\/\/yoast.com\/product\/yoast-seo-wordpress\/ -->\n<title>Politique de protection des donn\u00e9es personnelles | Le Blog - Cl\u00e9ment Combes<\/title>\n<meta name=\"description\" content=\"Vous retrouverez sur cette page notre politique de protection des donn\u00e9es personnelles. Engagement Mon engagement en mati\u00e8re de vie priv\u00e9e est simple :\" \/>\n<meta name=\"robots\" content=\"noindex, nofollow\" \/>\n<meta name=\"twitter:card\" content=\"summary_large_image\" \/>\n<meta name=\"twitter:title\" content=\"Politique de protection des donn\u00e9es personnelles | Le Blog - Cl\u00e9ment Combes\" \/>\n<meta name=\"twitter:description\" content=\"Vous retrouverez sur cette page notre politique de protection des donn\u00e9es personnelles. Engagement Mon engagement en mati\u00e8re de vie priv\u00e9e est simple :\" \/>\n<meta name=\"twitter:site\" content=\"@clementcombes\" \/>\n<meta name=\"twitter:label1\" content=\"Dur\u00e9e de lecture estim\u00e9e\" \/>\n\t<meta name=\"twitter:data1\" content=\"1 minute\" \/>\n<script type=\"application\/ld+json\" class=\"yoast-schema-graph\">{\"@context\":\"https:\\\/\\\/schema.org\",\"@graph\":[{\"@type\":\"WebPage\",\"@id\":\"https:\\\/\\\/www.clementcombes.com\\\/blog\\\/politique-de-protection-des-donnees-personnelles\\\/\",\"url\":\"https:\\\/\\\/www.clementcombes.com\\\/blog\\\/politique-de-protection-des-donnees-personnelles\\\/\",\"name\":\"Politique de protection des donn\u00e9es personnelles | Le Blog - Cl\u00e9ment Combes\",\"isPartOf\":{\"@id\":\"https:\\\/\\\/www.clementcombes.com\\\/blog\\\/#website\"},\"datePublished\":\"2021-01-16T14:51:42+00:00\",\"dateModified\":\"2021-09-14T14:31:57+00:00\",\"description\":\"Vous retrouverez sur cette page notre politique de protection des donn\u00e9es personnelles. Engagement Mon engagement en mati\u00e8re de vie priv\u00e9e est simple :\",\"breadcrumb\":{\"@id\":\"https:\\\/\\\/www.clementcombes.com\\\/blog\\\/politique-de-protection-des-donnees-personnelles\\\/#breadcrumb\"},\"inLanguage\":\"fr-FR\",\"potentialAction\":[{\"@type\":\"ReadAction\",\"target\":[\"https:\\\/\\\/www.clementcombes.com\\\/blog\\\/politique-de-protection-des-donnees-personnelles\\\/\"]}]},{\"@type\":\"BreadcrumbList\",\"@id\":\"https:\\\/\\\/www.clementcombes.com\\\/blog\\\/politique-de-protection-des-donnees-personnelles\\\/#breadcrumb\",\"itemListElement\":[{\"@type\":\"ListItem\",\"position\":1,\"name\":\"Accueil\",\"item\":\"https:\\\/\\\/www.clementcombes.com\\\/blog\\\/\"},{\"@type\":\"ListItem\",\"position\":2,\"name\":\"Politique de protection des donn\u00e9es personnelles\"}]},{\"@type\":\"WebSite\",\"@id\":\"https:\\\/\\\/www.clementcombes.com\\\/blog\\\/#website\",\"url\":\"https:\\\/\\\/www.clementcombes.com\\\/blog\\\/\",\"name\":\"Le Blog - Cl\u00e9ment Combes | Webmarketing &amp; Analytics\",\"description\":\"Retrouvez sur mon blog des articles autour des th\u00e9matiques webmarketing et webanalytics, ainsi que sur le monde du web en g\u00e9n\u00e9ral...\",\"potentialAction\":[{\"@type\":\"SearchAction\",\"target\":{\"@type\":\"EntryPoint\",\"urlTemplate\":\"https:\\\/\\\/www.clementcombes.com\\\/blog\\\/?s={search_term_string}\"},\"query-input\":{\"@type\":\"PropertyValueSpecification\",\"valueRequired\":true,\"valueName\":\"search_term_string\"}}],\"inLanguage\":\"fr-FR\"}]}<\/script>\n<!-- \/ Yoast SEO plugin. -->","yoast_head_json":{"title":"Politique de protection des donn\u00e9es personnelles | Le Blog - Cl\u00e9ment Combes","description":"Vous retrouverez sur cette page notre politique de protection des donn\u00e9es personnelles. Engagement Mon engagement en mati\u00e8re de vie priv\u00e9e est simple :","robots":{"index":"noindex","follow":"nofollow"},"twitter_card":"summary_large_image","twitter_title":"Politique de protection des donn\u00e9es personnelles | Le Blog - Cl\u00e9ment Combes","twitter_description":"Vous retrouverez sur cette page notre politique de protection des donn\u00e9es personnelles. Engagement Mon engagement en mati\u00e8re de vie priv\u00e9e est simple :","twitter_site":"@clementcombes","twitter_misc":{"Dur\u00e9e de lecture estim\u00e9e":"1 minute"},"schema":{"@context":"https:\/\/schema.org","@graph":[{"@type":"WebPage","@id":"https:\/\/www.clementcombes.com\/blog\/politique-de-protection-des-donnees-personnelles\/","url":"https:\/\/www.clementcombes.com\/blog\/politique-de-protection-des-donnees-personnelles\/","name":"Politique de protection des donn\u00e9es personnelles | Le Blog - Cl\u00e9ment Combes","isPartOf":{"@id":"https:\/\/www.clementcombes.com\/blog\/#website"},"datePublished":"2021-01-16T14:51:42+00:00","dateModified":"2021-09-14T14:31:57+00:00","description":"Vous retrouverez sur cette page notre politique de protection des donn\u00e9es personnelles. Engagement Mon engagement en mati\u00e8re de vie priv\u00e9e est simple :","breadcrumb":{"@id":"https:\/\/www.clementcombes.com\/blog\/politique-de-protection-des-donnees-personnelles\/#breadcrumb"},"inLanguage":"fr-FR","potentialAction":[{"@type":"ReadAction","target":["https:\/\/www.clementcombes.com\/blog\/politique-de-protection-des-donnees-personnelles\/"]}]},{"@type":"BreadcrumbList","@id":"https:\/\/www.clementcombes.com\/blog\/politique-de-protection-des-donnees-personnelles\/#breadcrumb","itemListElement":[{"@type":"ListItem","position":1,"name":"Accueil","item":"https:\/\/www.clementcombes.com\/blog\/"},{"@type":"ListItem","position":2,"name":"Politique de protection des donn\u00e9es personnelles"}]},{"@type":"WebSite","@id":"https:\/\/www.clementcombes.com\/blog\/#website","url":"https:\/\/www.clementcombes.com\/blog\/","name":"Le Blog - Cl\u00e9ment Combes | Webmarketing &amp; Analytics","description":"Retrouvez sur mon blog des articles autour des th\u00e9matiques webmarketing et webanalytics, ainsi que sur le monde du web en g\u00e9n\u00e9ral...","potentialAction":[{"@type":"SearchAction","target":{"@type":"EntryPoint","urlTemplate":"https:\/\/www.clementcombes.com\/blog\/?s={search_term_string}"},"query-input":{"@type":"PropertyValueSpecification","valueRequired":true,"valueName":"search_term_string"}}],"inLanguage":"fr-FR"}]}},"_links":{"self":[{"href":"https:\/\/www.clementcombes.com\/blog\/wp-json\/wp\/v2\/pages\/3492","targetHints":{"allow":["GET"]}}],"collection":[{"href":"https:\/\/www.clementcombes.com\/blog\/wp-json\/wp\/v2\/pages"}],"about":[{"href":"https:\/\/www.clementcombes.com\/blog\/wp-json\/wp\/v2\/types\/page"}],"author":[{"embeddable":true,"href":"https:\/\/www.clementcombes.com\/blog\/wp-json\/wp\/v2\/users\/1"}],"replies":[{"embeddable":true,"href":"https:\/\/www.clementcombes.com\/blog\/wp-json\/wp\/v2\/comments?post=3492"}],"version-history":[{"count":2,"href":"https:\/\/www.clementcombes.com\/blog\/wp-json\/wp\/v2\/pages\/3492\/revisions"}],"predecessor-version":[{"id":3597,"href":"https:\/\/www.clementcombes.com\/blog\/wp-json\/wp\/v2\/pages\/3492\/revisions\/3597"}],"wp:attachment":[{"href":"https:\/\/www.clementcombes.com\/blog\/wp-json\/wp\/v2\/media?parent=3492"}],"curies":[{"name":"wp","href":"https:\/\/api.w.org\/{rel}","templated":true}]}}